{"id":2445,"date":"2022-11-09T13:03:27","date_gmt":"2022-11-09T13:03:27","guid":{"rendered":"https:\/\/ebdalafaq.com\/?page_id=2445"},"modified":"2022-11-09T15:42:28","modified_gmt":"2022-11-09T15:42:28","slug":"general-accounts-receipts-and-payments","status":"publish","type":"page","link":"https:\/\/ebdalafaq.com\/fr\/our-services\/general-accounts-receipts-and-payments\/","title":{"rendered":"Comptes g\u00e9n\u00e9raux, recettes et paiements"},"content":{"rendered":"<div data-elementor-type=\"wp-page\" data-elementor-id=\"2445\" class=\"elementor elementor-2445\">\n\t\t\t\t\t\t\t\t\t<section class=\"elementor-section elementor-top-section elementor-element elementor-element-3290a8 elementor-section-boxed elementor-section-height-default elementor-section-height-default\" data-id=\"3290a8\" data-element_type=\"section\">\n\t\t\t\t\t\t<div class=\"elementor-container elementor-column-gap-default\">\n\t\t\t\t\t<div class=\"elementor-column elementor-col-100 elementor-top-column elementor-element elementor-element-72c7c7a9\" data-id=\"72c7c7a9\" data-element_type=\"column\">\n\t\t\t<div class=\"elementor-widget-wrap elementor-element-populated\">\n\t\t\t\t\t\t\t\t<div class=\"elementor-element elementor-element-2b2c89ed elementor-widget elementor-widget-text-editor\" data-id=\"2b2c89ed\" data-element_type=\"widget\" data-widget_type=\"text-editor.default\">\n\t\t\t\t<div class=\"elementor-widget-container\">\n\t\t\t<style>\/*! elementor - v3.12.1 - 02-04-2023 *\/\n.elementor-widget-text-editor.elementor-drop-cap-view-stacked .elementor-drop-cap{background-color:#69727d;color:#fff}.elementor-widget-text-editor.elementor-drop-cap-view-framed .elementor-drop-cap{color:#69727d;border:3px solid;background-color:transparent}.elementor-widget-text-editor:not(.elementor-drop-cap-view-default) .elementor-drop-cap{margin-top:8px}.elementor-widget-text-editor:not(.elementor-drop-cap-view-default) .elementor-drop-cap-letter{width:1em;height:1em}.elementor-widget-text-editor .elementor-drop-cap{float:left;text-align:center;line-height:1;font-size:50px}.elementor-widget-text-editor .elementor-drop-cap-letter{display:inline-block}<\/style>\t\t\t\t<div class=\"page-wrapper\"><div class=\"container content-page sidebar-mobile-bottom\"><div class=\"sidebar-position-without\"><div class=\"row\"><div class=\"content col-md-12\"><p><strong>Il s&#039;agit d&#039;un programme comptable int\u00e9gr\u00e9 qui contient tout le contenu du cycle comptable du jour aux listes finales. Il vous aide \u00e0 g\u00e9rer tous vos comptes publics et tout ce qui concerne vos op\u00e9rations comptables et financi\u00e8res. Les restrictions quotidiennes r\u00e9sultant de tous les mouvements quotidiens dans toutes les parties du programme sont compil\u00e9es pour obtenir toutes les informations et rapports financiers.<\/strong><br \/><strong>Caract\u00e9ristiques du programme :<\/strong><br \/><strong>- Le programme contient un manuel de compte de niveau flexible et ouvert (nombre illimit\u00e9 de comptes et nombre illimit\u00e9 de niveaux)<\/strong><br \/><strong>Il est li\u00e9 aux contraintes quotidiennes et aux \u00e9tats financiers tels que la situation financi\u00e8re, la liste des revenus et la balance d&#039;audit.<\/strong><br \/><strong>Le programme contient un guide des centres de co\u00fbts flexible et ouvert (nombre illimit\u00e9 de centres de co\u00fbts et nombre illimit\u00e9 de niveaux)<\/strong><br \/><strong>Tout mouvement effectu\u00e9 sur le programme, qu&#039;il s&#039;agisse d&#039;une vente, d&#039;un achat, d&#039;une remise ou d&#039;une arrestation, le programme fait automatiquement des restrictions quotidiennes pour chaque mouvement,<\/strong><br \/><strong>Il pr\u00e9pare \u00e9galement les \u00e9tats financiers du Mouvement.<\/strong><br \/><strong>Les restrictions sont enregistr\u00e9es automatiquement ou manuellement pour convenir \u00e0 toutes les entreprises\u2013<\/strong><br \/><strong>Grande flexibilit\u00e9 dans la d\u00e9termination des pouvoirs des utilisateurs o\u00f9 vous pouvez s\u00e9lectionner les \u00e9crans auxquels l&#039;utilisateur peut acc\u00e9der\u2013<\/strong><br \/><strong>\u2013 Vous pouvez \u00e9galement sp\u00e9cifier les pouvoirs de l&#039;utilisateur sur chaque \u00e9cran auquel il est autoris\u00e9 \u00e0 acc\u00e9der (Ajouter \u2013 Modifier \u2013 Supprimer \u2013 Imprimer \u2013 Parcourir \u2013 Certification et Migration),<\/strong><br \/><strong>\u2013 De plus, il y a une fonction de suivi des utilisateurs dans tous les \u00e9crans pour savoir qui a fait ce mouvement et quand.<\/strong><br \/><strong>\u2013 Contr\u00f4le complet de tous les mouvements quotidiens gr\u00e2ce \u00e0 la possibilit\u00e9 de fermer le pouvoir des utilisateurs de Certifier et de relayer sur le logiciel afin que leurs mouvements quotidiens n&#039;affectent qu&#039;apr\u00e8s leur approbation par le gestionnaire de compte, par exemple.<\/strong><br \/><strong>Un contr\u00f4le total est \u00e9galement possible pour fermer certaines p\u00e9riodes comptables afin qu&#039;aucun utilisateur ne puisse les modifier.<\/strong><br \/><strong>\u2013 La possibilit\u00e9 de saisir les soldes d&#039;ouverture des comptes pour tous les sous-comptes<\/strong><br \/><strong>- La possibilit\u00e9 de visualiser le relev\u00e9 de compte de n&#039;importe quel &quot;compte Ostaz&quot; dans le r\u00e9pertoire des comptes et la possibilit\u00e9 de visualiser \u00e9galement le rapport de mouvement quotidien.<\/strong><br \/><strong>Vous pouvez travailler sur le programme des comptes publics s\u00e9par\u00e9ment et vous pouvez le lier \u00e0 d&#039;autres programmes &quot;Afaky&quot; tels que (Ventes et clients - Programme Achats et Fournisseurs - Programme Entrep\u00f4t - Programme RH).<\/strong><br \/><strong>\u2013 La possibilit\u00e9 de d\u00e9finir un nombre infini de soci\u00e9t\u00e9s et un nombre infini de succursales.<\/strong><br \/><strong>\u2013 Publication des \u00e9tats financiers conform\u00e9ment aux normes comptables, qui comprend l&#039;\u00e9tat de la situation financi\u00e8re (budget) \u2013 compte de r\u00e9sultat Balance de v\u00e9rification.<\/strong><br \/><strong>D\u00e9finition d&#039;un nombre infini de Tr\u00e9sors, et d&#039;un nombre infini de banques.<\/strong><\/p><\/div><\/div><\/div><\/div><\/div>\t\t\t\t\t\t<\/div>\n\t\t\t\t<\/div>\n\t\t\t\t\t<\/div>\n\t\t<\/div>\n\t\t\t\t\t\t\t<\/div>\n\t\t<\/section>\n\t\t\t\t\t\t\t<\/div>","protected":false},"excerpt":{"rendered":"<p>It is an integrated accounting program that contains all the contents of the accounting cycle from the day to the final lists.\u00a0It helps you manage&#8230;<\/p>","protected":false},"author":1,"featured_media":0,"parent":1411,"menu_order":0,"comment_status":"closed","ping_status":"closed","template":"","meta":{"footnotes":""},"class_list":["post-2445","page","type-page","status-publish","hentry"],"_links":{"self":[{"href":"https:\/\/ebdalafaq.com\/fr\/wp-json\/wp\/v2\/pages\/2445","targetHints":{"allow":["GET"]}}],"collection":[{"href":"https:\/\/ebdalafaq.com\/fr\/wp-json\/wp\/v2\/pages"}],"about":[{"href":"https:\/\/ebdalafaq.com\/fr\/wp-json\/wp\/v2\/types\/page"}],"author":[{"embeddable":true,"href":"https:\/\/ebdalafaq.com\/fr\/wp-json\/wp\/v2\/users\/1"}],"replies":[{"embeddable":true,"href":"https:\/\/ebdalafaq.com\/fr\/wp-json\/wp\/v2\/comments?post=2445"}],"version-history":[{"count":24,"href":"https:\/\/ebdalafaq.com\/fr\/wp-json\/wp\/v2\/pages\/2445\/revisions"}],"predecessor-version":[{"id":2563,"href":"https:\/\/ebdalafaq.com\/fr\/wp-json\/wp\/v2\/pages\/2445\/revisions\/2563"}],"up":[{"embeddable":true,"href":"https:\/\/ebdalafaq.com\/fr\/wp-json\/wp\/v2\/pages\/1411"}],"wp:attachment":[{"href":"https:\/\/ebdalafaq.com\/fr\/wp-json\/wp\/v2\/media?parent=2445"}],"curies":[{"name":"wp","href":"https:\/\/api.w.org\/{rel}","templated":true}]}}