{"id":2446,"date":"2022-11-09T13:03:35","date_gmt":"2022-11-09T13:03:35","guid":{"rendered":"https:\/\/ebdalafaq.com\/?page_id=2446"},"modified":"2022-11-09T15:46:13","modified_gmt":"2022-11-09T15:46:13","slug":"procurement-and-suppliers","status":"publish","type":"page","link":"https:\/\/ebdalafaq.com\/fr\/our-services\/procurement-and-suppliers\/","title":{"rendered":"Approvisionnement et fournisseurs"},"content":{"rendered":"<div data-elementor-type=\"wp-page\" data-elementor-id=\"2446\" class=\"elementor elementor-2446\">\n\t\t\t\t\t\t\t\t\t<section class=\"elementor-section elementor-top-section elementor-element elementor-element-4ac866b1 elementor-section-boxed elementor-section-height-default elementor-section-height-default\" data-id=\"4ac866b1\" data-element_type=\"section\">\n\t\t\t\t\t\t<div class=\"elementor-container elementor-column-gap-default\">\n\t\t\t\t\t<div class=\"elementor-column elementor-col-100 elementor-top-column elementor-element elementor-element-41078621\" data-id=\"41078621\" data-element_type=\"column\">\n\t\t\t<div class=\"elementor-widget-wrap elementor-element-populated\">\n\t\t\t\t\t\t\t\t<div class=\"elementor-element elementor-element-efa597 elementor-widget elementor-widget-text-editor\" data-id=\"efa597\" data-element_type=\"widget\" data-widget_type=\"text-editor.default\">\n\t\t\t\t<div class=\"elementor-widget-container\">\n\t\t\t<style>\/*! elementor - v3.12.1 - 02-04-2023 *\/\n.elementor-widget-text-editor.elementor-drop-cap-view-stacked .elementor-drop-cap{background-color:#69727d;color:#fff}.elementor-widget-text-editor.elementor-drop-cap-view-framed .elementor-drop-cap{color:#69727d;border:3px solid;background-color:transparent}.elementor-widget-text-editor:not(.elementor-drop-cap-view-default) .elementor-drop-cap{margin-top:8px}.elementor-widget-text-editor:not(.elementor-drop-cap-view-default) .elementor-drop-cap-letter{width:1em;height:1em}.elementor-widget-text-editor .elementor-drop-cap{float:left;text-align:center;line-height:1;font-size:50px}.elementor-widget-text-editor .elementor-drop-cap-letter{display:inline-block}<\/style>\t\t\t\t<p><strong>Le &quot;programme Afaky&quot; pour le groupe de distribution vous permet de g\u00e9rer enti\u00e8rement le cycle d&#039;achat \u00e0 partir du bon de commande en passant par l&#039;\u00e9mission des factures d&#039;achat, les factures de retour, la r\u00e9ception des marchandises, la cr\u00e9ation d&#039;une lettre de change et la r\u00e9ception des notifications du fournisseur de la remise gagn\u00e9e , le programme contient \u00e9galement tout ce qui concerne le processus d&#039;achat, \u00e0 partir des donn\u00e9es des fournisseurs, de leurs cotisations, de ce qui leur a \u00e9t\u00e9 pay\u00e9 et de ce qui reste, tout ce que vous avez achet\u00e9 est ajout\u00e9 \u00e0 l&#039;entrep\u00f4t. Un programme important et indispensable pour tout service d&#039;approvisionnement sp\u00e9cialis\u00e9.<br \/><\/strong><strong>Caract\u00e9ristiques du programme :<br \/><\/strong><strong>Capacit\u00e9 \u00e0 travailler sur le programme en accord avec la nature de chaque entreprise<\/strong><strong>&#8211;<br \/><\/strong><strong>(Politique de r\u00e9ception avec la facture \u2013 politique de r\u00e9ception apr\u00e8s la facture \u2013 chargement de la facture d&#039;achat \u00e0 partir du bon de commande ou de l&#039;autorisation de r\u00e9ception des marchandises \u2013 \u00e9tablissement de la facture d&#039;achat directement)<br \/><\/strong><strong>-La possibilit\u00e9 d&#039;ajouter certaines d\u00e9penses telles que les frais de transport ou de transport qui affectent directement les co\u00fbts des articles achet\u00e9s, et peut m\u00eame ajouter des d\u00e9penses pour un article particulier sans le reste des articles dans la m\u00eame facture.<br \/><\/strong><strong>Le \u00ab\u00a0Programme Afaky d&#039;approvisionnement et de fournisseurs\u00a0\u00bb est directement li\u00e9 au \u00ab\u00a0Programme Afaky pour les comptes g\u00e9n\u00e9raux et les entrep\u00f4ts\u00a0\u00bb.<br \/><\/strong><strong>Une fois le fournisseur identifi\u00e9, le programme cr\u00e9e automatiquement un \u00ab compte Ostaz \u00bb dans l&#039;arborescence des comptes.<br \/><\/strong><strong>La possibilit\u00e9 d&#039;enregistrer un num\u00e9ro sp\u00e9cifique (num\u00e9ro de s\u00e9rie) ou un code-barres pour chaque article au moment de l&#039;achat se fait avec le lecteur de code-barres ou manuellement.<br \/><\/strong><strong>La possibilit\u00e9 d&#039;identifier un nombre infini de fournisseurs<br \/><\/strong><strong>La possibilit\u00e9 d&#039;identifier<\/strong><strong> de toutes les donn\u00e9es des fournisseurs telles que le nom du fournisseur \u2013 l&#039;adresse \u2013 le t\u00e9l\u00e9phone \u2013 le fax \u2013 le mobile \u2013 le num\u00e9ro fiscal \u2013 le registre du commerce \u2013 le cr\u00e9dit <\/strong><strong>.<\/strong><strong>limite<br \/><\/strong><strong>La possibilit\u00e9 de d\u00e9finir une politique d&#039;achat pour chaque fournisseur s\u00e9par\u00e9ment.<\/strong><strong>&#8211;<br \/><\/strong><strong>La possibilit\u00e9 de d\u00e9terminer le type d&#039;esp\u00e8ces ou de facture future et de le diviser en paiements afin que la date d&#039;\u00e9ch\u00e9ance de la facture d&#039;achat soit enregistr\u00e9e et que nous puissions ainsi obtenir un rapport indiquant les paiements dus dans un d\u00e9lai sp\u00e9cifi\u00e9 et l&#039;anciennet\u00e9 des dettes<br \/><\/strong><strong>Le logiciel prend en charge la possibilit\u00e9 de lier diff\u00e9rents documents dans le cycle d&#039;achat ; La facture d&#039;achat peut \u00eatre li\u00e9e au bon de commande ou au <\/strong><strong>&#8211;<\/strong><strong>autorisation de r\u00e9ception des marchandises, \u00e9galement L&#039;autorisation de r\u00e9ception des marchandises dans l&#039;entrep\u00f4t peut \u00eatre li\u00e9e \u00e0 la facture d&#039;achat, et vous pouvez \u00e9galement lier la note de change du fournisseur \u00e0 la facture d&#039;achat. Il est ainsi possible \u00e0 tout moment de suivre l&#039;\u00e9volution d&#039;un achat sp\u00e9cifique, ce qui a \u00e9t\u00e9 re\u00e7u et ce qui n&#039;a pas \u00e9t\u00e9 re\u00e7u dans l&#039;entrep\u00f4t, ce qui a \u00e9t\u00e9 pay\u00e9 et le solde restant.<br \/><\/strong><strong>-La possibilit\u00e9 de faire une limite minimale pour les articles que vous ne voulez pas qu&#039;ils soient inf\u00e9rieurs dans le magasin et de voir un rapport vous montrant les articles qui sont en dessous du minimum.<br \/><\/strong><strong>\u2013 La possibilit\u00e9 de fixer une limite de cr\u00e9dit fournisseur pour ne pas d\u00e9passer cette limite<br \/><\/strong><strong>La possibilit\u00e9 de faire une remise sur la facture pour chaque article s\u00e9par\u00e9ment et la possibilit\u00e9 de faire une remise sur la facture dans son ensemble.<br \/><\/strong><strong>La possibilit\u00e9 d&#039;ajouter tous les types de taxes, afin qu&#039;elles s&#039;appliquent \u00e0 chaque article de la facture.<br \/><\/strong><strong>Le logiciel est multi-devises et vous permet d&#039;acheter avec plusieurs devises et de les convertir dans la devise locale en fonction du taux de change que vous s\u00e9lectionnez. Le programme vous permet \u00e9galement de visualiser s\u00e9par\u00e9ment le relev\u00e9 de compte du fournisseur pour chaque devise.<br \/><\/strong><strong>La possibilit\u00e9 d&#039;enregistrer le fournisseur en tant que client-fournisseur afin que vous puissiez lui vendre.<br \/><\/strong><strong>La possibilit\u00e9 de diviser les fournisseurs en groupes et de visualiser des rapports bas\u00e9s sur ces groupes.<br \/><\/strong><strong>La possibilit\u00e9 de faire une remise du fournisseur sur le montant impay\u00e9 (remise gagn\u00e9e) via les notifications du fournisseur.<\/strong><strong><br \/><\/strong><strong>La possibilit\u00e9 d&#039;appliquer la politique du maximum aux articles qui vous emp\u00eachent de d\u00e9passer le montant que nous achetons au fournisseur.<br \/><\/strong><strong>-La possibilit\u00e9 de s\u00e9lectionner un magasin pour chaque fournisseur.<\/strong><\/p>\t\t\t\t\t\t<\/div>\n\t\t\t\t<\/div>\n\t\t\t\t\t<\/div>\n\t\t<\/div>\n\t\t\t\t\t\t\t<\/div>\n\t\t<\/section>\n\t\t\t\t\t\t\t<\/div>","protected":false},"excerpt":{"rendered":"<p>\u201cAfaky program\u201d for the distribution group allows you to fully manage the purchase cycle starting from the purchase order through the issuance of purchase invoices,&#8230;<\/p>","protected":false},"author":1,"featured_media":0,"parent":1411,"menu_order":0,"comment_status":"closed","ping_status":"closed","template":"","meta":{"footnotes":""},"class_list":["post-2446","page","type-page","status-publish","hentry"],"_links":{"self":[{"href":"https:\/\/ebdalafaq.com\/fr\/wp-json\/wp\/v2\/pages\/2446","targetHints":{"allow":["GET"]}}],"collection":[{"href":"https:\/\/ebdalafaq.com\/fr\/wp-json\/wp\/v2\/pages"}],"about":[{"href":"https:\/\/ebdalafaq.com\/fr\/wp-json\/wp\/v2\/types\/page"}],"author":[{"embeddable":true,"href":"https:\/\/ebdalafaq.com\/fr\/wp-json\/wp\/v2\/users\/1"}],"replies":[{"embeddable":true,"href":"https:\/\/ebdalafaq.com\/fr\/wp-json\/wp\/v2\/comments?post=2446"}],"version-history":[{"count":15,"href":"https:\/\/ebdalafaq.com\/fr\/wp-json\/wp\/v2\/pages\/2446\/revisions"}],"predecessor-version":[{"id":2570,"href":"https:\/\/ebdalafaq.com\/fr\/wp-json\/wp\/v2\/pages\/2446\/revisions\/2570"}],"up":[{"embeddable":true,"href":"https:\/\/ebdalafaq.com\/fr\/wp-json\/wp\/v2\/pages\/1411"}],"wp:attachment":[{"href":"https:\/\/ebdalafaq.com\/fr\/wp-json\/wp\/v2\/media?parent=2446"}],"curies":[{"name":"wp","href":"https:\/\/api.w.org\/{rel}","templated":true}]}}