{"id":2448,"date":"2022-11-09T13:03:49","date_gmt":"2022-11-09T13:03:49","guid":{"rendered":"https:\/\/ebdalafaq.com\/?page_id=2448"},"modified":"2022-11-09T15:36:24","modified_gmt":"2022-11-09T15:36:24","slug":"sales-and-customers","status":"publish","type":"page","link":"https:\/\/ebdalafaq.com\/fr\/our-services\/sales-and-customers\/","title":{"rendered":"Ventes et Clients"},"content":{"rendered":"<div data-elementor-type=\"wp-page\" data-elementor-id=\"2448\" class=\"elementor elementor-2448\">\n\t\t\t\t\t\t\t\t\t<section class=\"elementor-section elementor-top-section elementor-element elementor-element-42a8a0f7 elementor-section-boxed elementor-section-height-default elementor-section-height-default\" data-id=\"42a8a0f7\" data-element_type=\"section\">\n\t\t\t\t\t\t<div class=\"elementor-container elementor-column-gap-default\">\n\t\t\t\t\t<div class=\"elementor-column elementor-col-100 elementor-top-column elementor-element elementor-element-2e8645e2\" data-id=\"2e8645e2\" data-element_type=\"column\">\n\t\t\t<div class=\"elementor-widget-wrap elementor-element-populated\">\n\t\t\t\t\t\t\t\t<div class=\"elementor-element elementor-element-2f6c4611 elementor-widget elementor-widget-text-editor\" data-id=\"2f6c4611\" data-element_type=\"widget\" data-widget_type=\"text-editor.default\">\n\t\t\t\t<div class=\"elementor-widget-container\">\n\t\t\t<style>\/*! elementor - v3.12.1 - 02-04-2023 *\/\n.elementor-widget-text-editor.elementor-drop-cap-view-stacked .elementor-drop-cap{background-color:#69727d;color:#fff}.elementor-widget-text-editor.elementor-drop-cap-view-framed .elementor-drop-cap{color:#69727d;border:3px solid;background-color:transparent}.elementor-widget-text-editor:not(.elementor-drop-cap-view-default) .elementor-drop-cap{margin-top:8px}.elementor-widget-text-editor:not(.elementor-drop-cap-view-default) .elementor-drop-cap-letter{width:1em;height:1em}.elementor-widget-text-editor .elementor-drop-cap{float:left;text-align:center;line-height:1;font-size:50px}.elementor-widget-text-editor .elementor-drop-cap-letter{display:inline-block}<\/style>\t\t\t\t<p><strong>&quot;<\/strong><strong>Afaky Sales and Customer Program&quot; vous permet de g\u00e9rer enti\u00e8rement chaque \u00e9tape du cycle de vente, du devis \u00e0 la commande client, en passant par l&#039;\u00e9mission des factures de vente, les factures de retour, le d\u00e9caissement des marchandises, l&#039;\u00e9tablissement d&#039;un acte de r\u00e9ception et la notification au client de la d\u00e9duction autoris\u00e9e, . Le programme contient \u00e9galement tout ce qui concerne le processus de vente, des donn\u00e9es client, des dettes, de ce qui a \u00e9t\u00e9 pay\u00e9 et de ce qui leur reste, tout ce que vous avez vendu est d\u00e9duit du magasin. Un programme important et indispensable pour tout service commercial sp\u00e9cialis\u00e9.<br \/><\/strong><strong>Caract\u00e9ristiques du programme :<br \/><\/strong><strong>La possibilit\u00e9 d&#039;utiliser le programme en fonction de la nature de chaque entreprise : politique d&#039;\u00e9change avec la facture \u2013 politique d&#039;\u00e9change apr\u00e8s la facture \u2013 chargement de la facture de vente \u00e0 partir d&#039;un bon de commande ou d&#039;une offre de prix ou de l&#039;autorisation d&#039;\u00e9change de marchandises \u2013 faire le facture de vente directement.<br \/><\/strong><strong>La possibilit\u00e9 d&#039;ajouter certaines d\u00e9penses telles que les frais de transport ou de possession, et peut m\u00eame ajouter des d\u00e9penses pour un article particulier sans le reste des articles dans la m\u00eame facture.<br \/><\/strong><strong>-Le &quot;Programme Afaky ventes et clients&quot; est directement li\u00e9 au &quot;Programme Afaky&quot; pour les comptes g\u00e9n\u00e9raux et les entrep\u00f4ts.<br \/><\/strong><strong>Une fois le client identifi\u00e9, le programme cr\u00e9e automatiquement un \u00ab compte Ostaz \u00bb dans l&#039;arborescence des comptes.<br \/><\/strong><strong>-La possibilit\u00e9 de rappeler l&#039;article par un num\u00e9ro sp\u00e9cifique (Serial Number) ou un code-barres pour chaque article au moment de l&#039;achat se fait avec le lecteur de code-barres ou manuellement.<br \/><\/strong><strong>La possibilit\u00e9 d&#039;identifier un nombre infini de clients.<br \/><\/strong><strong>La possibilit\u00e9 d&#039;identifier toutes les donn\u00e9es des clients telles que le nom du client \u2013 l&#039;adresse \u2013 le t\u00e9l\u00e9phone \u2013 le fax \u2013 le mobile \u2013 le num\u00e9ro fiscal \u2013 le registre du commerce \u2013 la limite de cr\u00e9dit.<br \/><\/strong><strong>-La possibilit\u00e9 de d\u00e9finir une politique d&#039;achat pour chaque client s\u00e9par\u00e9ment.<br \/><\/strong><strong>La possibilit\u00e9 de d\u00e9terminer le type d&#039;esp\u00e8ces ou de facture future et de le diviser en paiements afin que la date d&#039;\u00e9ch\u00e9ance de la facture de vente soit enregistr\u00e9e .et ainsi nous pouvons obtenir un rapport indiquant les paiements dus dans un d\u00e9lai sp\u00e9cifi\u00e9 et l&#039;anciennet\u00e9 des dettes .<br \/><\/strong><strong>-Le logiciel prend en charge la possibilit\u00e9 de lier diff\u00e9rents documents dans le cycle de vente ; la facture peut \u00eatre li\u00e9e \u00e0 un ordre de vente ou \u00e0 un devis ou \u00e0 une autorisation d&#039;\u00e9change de marchandise.<\/strong> <strong>L&#039;autorisation d&#039;\u00e9changer des marchandises depuis l&#039;entrep\u00f4t peut \u00e9galement \u00eatre li\u00e9e \u00e0 la facture de vente\u00a0; Associez le re\u00e7u du client \u00e0 la facture de vente. Ainsi, il est possible \u00e0 tout moment de suivre l&#039;\u00e9volution d&#039;une vente sp\u00e9cifique, ce qui a \u00e9t\u00e9 d\u00e9bours\u00e9 et ce qui n&#039;a pas \u00e9t\u00e9 d\u00e9bours\u00e9 de l&#039;entrep\u00f4t, ce qui a \u00e9t\u00e9 pay\u00e9 et le solde restant.<br \/><\/strong><strong>La possibilit\u00e9 de fixer la limite de cr\u00e9dit d&#039;un client pour ne pas d\u00e9passer cette limite<br \/><\/strong><strong>\u2013 La possibilit\u00e9 de faire une remise sur la facture pour chaque article s\u00e9par\u00e9ment et la possibilit\u00e9 de faire une remise sur la facture dans son ensemble.<br \/><\/strong><strong>La possibilit\u00e9 d&#039;ajouter tous les types de taxes, afin qu&#039;elles s&#039;appliquent \u00e0 chaque article de la facture.<br \/><\/strong><strong>Le logiciel est multi-devises et vous permet d&#039;acheter avec plusieurs devises et de les convertir dans la devise locale en fonction du taux de change que vous s\u00e9lectionnez. Le programme vous permet \u00e9galement de visualiser le relev\u00e9 de compte du client pour chaque devise s\u00e9par\u00e9ment.<br \/><\/strong><strong>La possibilit\u00e9 d&#039;enregistrer le client en tant que client-fournisseur afin que vous puissiez lui vendre.<br \/><\/strong><strong>La possibilit\u00e9 de diviser les clients en groupes et de visualiser des rapports bas\u00e9s sur ces groupes.<br \/><\/strong><strong>La possibilit\u00e9 de faire une remise pour le client sur le montant restant d\u00fb (remise gagn\u00e9e) via les notifications du client.-<br \/><\/strong><strong>La possibilit\u00e9 d&#039;appliquer la politique du maximum aux articles qui vous emp\u00eachent de d\u00e9passer le montant que vous vendez au client, et vous pouvez choisir des articles sp\u00e9cifiques pour chaque client.<br \/><\/strong><strong>-La possibilit\u00e9 de s\u00e9lectionner un magasin pour chaque client.<br \/><\/strong><strong>La possibilit\u00e9 d&#039;ex\u00e9cuter ou d&#039;arr\u00eater la vente \u00e0 moindre co\u00fbt.<br \/><\/strong><strong>La possibilit\u00e9 de fixer un prix de vente minimum.<br \/><\/strong><strong>La possibilit\u00e9 de cinq politiques de prix par article.<br \/><\/strong><strong>Possibilit\u00e9 d&#039;activer ou d&#039;arr\u00eater le d\u00e9couvert (sortie n\u00e9gative).<\/strong><\/p>\t\t\t\t\t\t<\/div>\n\t\t\t\t<\/div>\n\t\t\t\t\t<\/div>\n\t\t<\/div>\n\t\t\t\t\t\t\t<\/div>\n\t\t<\/section>\n\t\t\t\t\t\t\t<\/div>","protected":false},"excerpt":{"rendered":"<p>\u201cAfaky Sales and Customer Program\u201d allows you to fully manage every stage in the sales cycle starting from the quotation through the sales order, issuing&#8230;<\/p>","protected":false},"author":1,"featured_media":0,"parent":1411,"menu_order":0,"comment_status":"closed","ping_status":"closed","template":"","meta":{"footnotes":""},"class_list":["post-2448","page","type-page","status-publish","hentry"],"_links":{"self":[{"href":"https:\/\/ebdalafaq.com\/fr\/wp-json\/wp\/v2\/pages\/2448","targetHints":{"allow":["GET"]}}],"collection":[{"href":"https:\/\/ebdalafaq.com\/fr\/wp-json\/wp\/v2\/pages"}],"about":[{"href":"https:\/\/ebdalafaq.com\/fr\/wp-json\/wp\/v2\/types\/page"}],"author":[{"embeddable":true,"href":"https:\/\/ebdalafaq.com\/fr\/wp-json\/wp\/v2\/users\/1"}],"replies":[{"embeddable":true,"href":"https:\/\/ebdalafaq.com\/fr\/wp-json\/wp\/v2\/comments?post=2448"}],"version-history":[{"count":9,"href":"https:\/\/ebdalafaq.com\/fr\/wp-json\/wp\/v2\/pages\/2448\/revisions"}],"predecessor-version":[{"id":2557,"href":"https:\/\/ebdalafaq.com\/fr\/wp-json\/wp\/v2\/pages\/2448\/revisions\/2557"}],"up":[{"embeddable":true,"href":"https:\/\/ebdalafaq.com\/fr\/wp-json\/wp\/v2\/pages\/1411"}],"wp:attachment":[{"href":"https:\/\/ebdalafaq.com\/fr\/wp-json\/wp\/v2\/media?parent=2448"}],"curies":[{"name":"wp","href":"https:\/\/api.w.org\/{rel}","templated":true}]}}