{"id":2449,"date":"2022-11-09T13:03:54","date_gmt":"2022-11-09T13:03:54","guid":{"rendered":"https:\/\/ebdalafaq.com\/?page_id=2449"},"modified":"2022-11-09T14:39:01","modified_gmt":"2022-11-09T14:39:01","slug":"points-of-sale","status":"publish","type":"page","link":"https:\/\/ebdalafaq.com\/fr\/our-services\/points-of-sale\/","title":{"rendered":"Points de vente"},"content":{"rendered":"<p><strong>Le \u00ab\u00a0point de vente\u00a0\u00bb est l&#039;une des exigences commerciales les plus importantes dans les endroits qui d\u00e9pendent de la vente rapide. Il s&#039;agit d&#039;un syst\u00e8me int\u00e9gr\u00e9 au \u00ab syst\u00e8me Afaky POS \u00bb. Il s&#039;agit d&#039;un programme tr\u00e8s simple \u00e0 concevoir qui vous assure rapidit\u00e9, pr\u00e9cision dans les performances et une totale facilit\u00e9 d&#039;utilisation afin de prendre en compte la nature du travail du caissier. C&#039;est un programme adapt\u00e9 aux activit\u00e9s qui ont de multiples points de vente tels que les supermarch\u00e9s, les soci\u00e9t\u00e9s de vente d&#039;appareils \u00e9lectriques, les magasins de v\u00eatements, les magasins de chaussures et les pharmacies.<\/strong><br \/>\n<strong>&quot;Afaky&quot; est consid\u00e9r\u00e9e comme une entreprise avanc\u00e9e dans les syst\u00e8mes de point de vente et prend en charge les dispositifs de caisse comptable et de codes \u00e0 barres et est consid\u00e9r\u00e9e comme le meilleur programme de caisse en termes de pr\u00e9cision et de rapidit\u00e9.<\/strong><br \/>\n<strong>Syst\u00e8me de point de vente - Les caissiers comptables et les codes \u00e0 barres sont parmi les outils les plus importants au service de l&#039;environnement de travail qui n\u00e9cessitent la rapidit\u00e9 de la facturation aux clients de mani\u00e8re instantan\u00e9e<\/strong><br \/>\n<strong>Proportionn\u00e9 avec l&#039;inventaire des magasins. C&#039;est ce que propose le syst\u00e8me de caisse dans \u00ab le syst\u00e8me comptable Afaky \u00bb et s&#039;appuie sur de nombreux commerces, pharmacies, supermarch\u00e9s, magasins de v\u00eatements, services mobiles et informatiques. C&#039;est le programme du meilleur caissier.<\/strong><br \/>\n<strong>Caract\u00e9ristiques du programme :<\/strong><br \/>\n<strong>-D\u00e9finition d&#039;un nombre infini de POS et d&#039;un nombre infini d&#039;op\u00e9rateurs POS (caissier).<\/strong><br \/>\n<strong>La possibilit\u00e9 de d\u00e9terminer les pouvoirs de vente des op\u00e9rateurs de point de vente (caissier) en plus des pouvoirs de l&#039;utilisateur et l&#039;existence d&#039;une fonctionnalit\u00e9 de suivi des utilisateurs pour savoir qui a effectu\u00e9 ce mouvement et quand il l&#039;a fait, vous permettant de contr\u00f4ler enti\u00e8rement les donn\u00e9es.<\/strong><br \/>\n<strong>Divisez les articles en groupes principaux et sous-groupes pour faciliter l&#039;introduction et la s\u00e9lection de l&#039;article vendu.<\/strong><br \/>\n<strong>Ajoutez des photos des articles et la possibilit\u00e9 de vendre \u00e0 travers ces images ou sous forme d&#039;arbre ou sous forme normale.<\/strong><br \/>\n<strong>Capacit\u00e9 \u00e0 travailler sur le programme en fonction de la nature de chaque entreprise : politique d&#039;\u00e9change avec facture \u2013 politique d&#039;\u00e9change apr\u00e8s facture.<\/strong><br \/>\n<strong>\u00ab Le programme Afaky Point de Vente \u00bb est directement li\u00e9 au \u00ab programme Afaky \u00bb pour les comptes g\u00e9n\u00e9raux, les entrep\u00f4ts, les achats, les fournisseurs, les ventes et les clients.<\/strong><br \/>\n<strong>La possibilit\u00e9 de rappeler l&#039;article par un num\u00e9ro sp\u00e9cifique (Num\u00e9ro de S\u00e9rie) ou un code-barres pour chaque article au moment de l&#039;achat se fait avec le lecteur de code-barres ou manuellement.<\/strong><br \/>\n<strong>Possibilit\u00e9 de lire automatiquement le code-barres du poids et de calculer le poids automatiquement.<\/strong><br \/>\n<strong>La possibilit\u00e9 d&#039;imprimer la facture POS du client (sur l&#039;imprimante de caisse thermique) avec tous les d\u00e9tails, avec la possibilit\u00e9 de d\u00e9finir des termes ou des notes et d&#039;imprimer le re\u00e7u du client sans prix.<\/strong><br \/>\n<strong>La possibilit\u00e9 de d\u00e9terminer le type d&#039;esp\u00e8ces ou de facture future et de le diviser en paiements afin que la date d&#039;\u00e9ch\u00e9ance de la facture de vente soit enregistr\u00e9e .et ainsi nous pouvons obtenir un rapport indiquant les paiements dus dans un d\u00e9lai sp\u00e9cifi\u00e9 et l&#039;anciennet\u00e9 des dettes .<\/strong><br \/>\n<strong>La possibilit\u00e9 de faire une remise sur la facture pour chaque article s\u00e9par\u00e9ment et la possibilit\u00e9 de faire une remise sur la facture dans son ensemble.<\/strong><br \/>\n<strong>La possibilit\u00e9 d&#039;ex\u00e9cuter ou d&#039;arr\u00eater la vente \u00e0 moindre co\u00fbt.<\/strong><br \/>\n<strong>La possibilit\u00e9 de cinq politiques de prix par article.<\/strong><br \/>\n<strong>-Prise en charge du produit retourn\u00e9 \u00e0 partir de la facture de vente.<\/strong><br \/>\n<strong>-Possibilit\u00e9 d&#039;activer ou d&#039;arr\u00eater le d\u00e9couvert (sortie n\u00e9gative).<\/strong><br \/>\n<strong>-Possibilit\u00e9 d&#039;inventaire pour un quart de travail de caissier (fermeture quotidienne).<\/strong><br \/>\n<strong>-Contr\u00f4le complet de l&#039;inventaire et quantification de l&#039;inventaire et des transactions d&#039;articles.<\/strong><br \/>\n<strong>-Le programme contient un grand nombre de rapports complets et d\u00e9taill\u00e9s \u00e0 la fois pour les entrep\u00f4ts, les transactions d&#039;articles, l&#039;\u00e9quilibrage, les ventes, les achats, les clients et les fournisseurs.<\/strong><br \/>\n<strong>-Le programme peut fonctionner sur tous les \u00e9crans tactiles et avec la vitesse et la pr\u00e9cision n\u00e9cessaires pour en tirer le meilleur parti.<\/strong><br \/>\n<strong>-La possibilit\u00e9 de connecter plus d&#039;une succursale via Internet.<\/strong><\/p>","protected":false},"excerpt":{"rendered":"<p>\u201cPOS\u201d is one of the most important business requirements in places that rely on quick sale. It is a system integrated with &#8220;the Afaky POS&#8230;<\/p>","protected":false},"author":1,"featured_media":0,"parent":1411,"menu_order":0,"comment_status":"closed","ping_status":"closed","template":"","meta":{"footnotes":""},"class_list":["post-2449","page","type-page","status-publish","hentry"],"_links":{"self":[{"href":"https:\/\/ebdalafaq.com\/fr\/wp-json\/wp\/v2\/pages\/2449","targetHints":{"allow":["GET"]}}],"collection":[{"href":"https:\/\/ebdalafaq.com\/fr\/wp-json\/wp\/v2\/pages"}],"about":[{"href":"https:\/\/ebdalafaq.com\/fr\/wp-json\/wp\/v2\/types\/page"}],"author":[{"embeddable":true,"href":"https:\/\/ebdalafaq.com\/fr\/wp-json\/wp\/v2\/users\/1"}],"replies":[{"embeddable":true,"href":"https:\/\/ebdalafaq.com\/fr\/wp-json\/wp\/v2\/comments?post=2449"}],"version-history":[{"count":4,"href":"https:\/\/ebdalafaq.com\/fr\/wp-json\/wp\/v2\/pages\/2449\/revisions"}],"predecessor-version":[{"id":2502,"href":"https:\/\/ebdalafaq.com\/fr\/wp-json\/wp\/v2\/pages\/2449\/revisions\/2502"}],"up":[{"embeddable":true,"href":"https:\/\/ebdalafaq.com\/fr\/wp-json\/wp\/v2\/pages\/1411"}],"wp:attachment":[{"href":"https:\/\/ebdalafaq.com\/fr\/wp-json\/wp\/v2\/media?parent=2449"}],"curies":[{"name":"wp","href":"https:\/\/api.w.org\/{rel}","templated":true}]}}