{"id":2450,"date":"2022-11-09T13:03:59","date_gmt":"2022-11-09T13:03:59","guid":{"rendered":"https:\/\/ebdalafaq.com\/?page_id=2450"},"modified":"2022-11-09T14:39:37","modified_gmt":"2022-11-09T14:39:37","slug":"restaurant-management-software","status":"publish","type":"page","link":"https:\/\/ebdalafaq.com\/fr\/our-services\/restaurant-management-software\/","title":{"rendered":"Logiciel de gestion de restaurant"},"content":{"rendered":"<p><strong>\u00ab Afaky Restaurant Management Program \u00bb est un programme int\u00e9gr\u00e9 capable de r\u00e9pondre aux besoins de tous les restaurants dans leur diversit\u00e9 et leur taille. Le programme combine \u00e9galement la facilit\u00e9 d&#039;utilisation et la pr\u00e9cision des performances, ce qui am\u00e9liore les performances des employ\u00e9s du restaurant, augmente l&#039;efficacit\u00e9 et le niveau de service et permet un contr\u00f4le total. Le programme vous fournit les outils de base pour la gestion compl\u00e8te des restaurants de mani\u00e8re professionnelle et distinctive.<br \/>\n<\/strong><strong>Caract\u00e9ristiques du programme :<br \/>\n<\/strong><strong>- Divisez les articles en groupes principaux et sous-groupes pour faciliter l&#039;introduction et la s\u00e9lection de l&#039;article vendu.<br \/>\n<\/strong><strong>Ajoutez des photos des articles et la possibilit\u00e9 de vendre \u00e0 travers ces images.<br \/>\n<\/strong><strong>Vendez et assemblez automatiquement des articles combin\u00e9s de sous-articles en tant que mati\u00e8res premi\u00e8res pendant le processus de vente ou de distribution, ce qui vous permet de d\u00e9terminer les co\u00fbts de chaque article et les ratios de profit.<br \/>\n<\/strong><strong>Il est possible de mettre en place quatre types de ch\u00e8que (\u00e0 emporter \u2013 Local \u2013 Livraison \u2013 sur Tables).<br \/>\n<\/strong><strong>Dans le cas d&#039;un bon de livraison, vous pouvez imprimer un ch\u00e8que reprenant le nom du livreur, les coordonn\u00e9es du client, son adresse et les d\u00e9tails de la commande.<br \/>\n<\/strong><strong>D\u00e9terminer l&#039;\u00e9tat de chaque table et indiquer cette case dans une couleur diff\u00e9rente pour faciliter la prise en main du syst\u00e8me o\u00f9 les tables disponibles sont color\u00e9es en vert et les tables occup\u00e9es en rouge.<br \/>\n<\/strong><strong>Faites le suivi de tous les bons de livraison non livr\u00e9s l\u00e0 o\u00f9 ils apparaissent dans l&#039;\u00e9cran des bons de livraison.<br \/>\n<\/strong><strong>Visualisez le d\u00e9tail des commandes en cuisine \u00e0 travers un \u00e9cran affichant chaque commande jointe avec les articles, les quantit\u00e9s, le num\u00e9ro de table et le num\u00e9ro de commande dans la fen\u00eatre des demandes \u00e0 recevoir une fois cr\u00e9\u00e9e par la caissi\u00e8re. Vous pouvez \u00e9galement s\u00e9lectionner une imprimante s\u00e9par\u00e9e pour la cuisine et imprimer le ticket de cuisine avec les articles, le num\u00e9ro de table et le num\u00e9ro de commande. Vous pouvez \u00e9galement diviser la commande en plusieurs sections, et la commande est r\u00e9sili\u00e9e apr\u00e8s l&#039;avoir compl\u00e9t\u00e9e en un seul clic, et au cas o\u00f9 le client ajouterait d&#039;autres articles en affichant uniquement les articles ajout\u00e9s.<br \/>\n<\/strong><strong>La possibilit\u00e9 de lier l&#039;impression des articles \u00e0 des groupes pour que chaque commande apparaisse dans la cuisine d\u00e9di\u00e9e \u00e0 cet ensemble (comme la cuisine des Fruits de mer - et la cuisine des poulets) ainsi que la possibilit\u00e9 de lier chaque article s\u00e9par\u00e9ment.<br \/>\n<\/strong><strong>Contr\u00f4le complet des donn\u00e9es en ajoutant plus d&#039;un utilisateur et en sp\u00e9cifiant les pouvoirs de chaque utilisateur individuel ainsi que la possibilit\u00e9 de suivre les utilisateurs pour voir qui a fait ce mouvement et quand il l&#039;a fait.<br \/>\n<\/strong><strong>Contr\u00f4le complet de l&#039;inventaire et quantification de l&#039;inventaire et des transactions d&#039;articles.<br \/>\n<\/strong><strong>-Le programme contient un grand nombre de rapports complets et d\u00e9taill\u00e9s \u00e0 la fois pour les entrep\u00f4ts, les transactions d&#039;articles, l&#039;\u00e9quilibrage, les ventes, les achats, les clients et les fournisseurs.<br \/>\n<\/strong><strong>-Le programme peut fonctionner sur tous les \u00e9crans tactiles et avec la vitesse et la pr\u00e9cision n\u00e9cessaires pour en tirer le meilleur parti.<br \/>\n<\/strong><strong>-La possibilit\u00e9 de connecter plus d&#039;une succursale via Internet.<\/strong><\/p>","protected":false},"excerpt":{"rendered":"<p>\u201cAfaky Restaurant Management Program\u201d is an integrated program capable of meeting the needs of all restaurants in their diversity and sizes. The program also combines&#8230;<\/p>","protected":false},"author":1,"featured_media":0,"parent":1411,"menu_order":0,"comment_status":"closed","ping_status":"closed","template":"","meta":{"footnotes":""},"class_list":["post-2450","page","type-page","status-publish","hentry"],"_links":{"self":[{"href":"https:\/\/ebdalafaq.com\/fr\/wp-json\/wp\/v2\/pages\/2450","targetHints":{"allow":["GET"]}}],"collection":[{"href":"https:\/\/ebdalafaq.com\/fr\/wp-json\/wp\/v2\/pages"}],"about":[{"href":"https:\/\/ebdalafaq.com\/fr\/wp-json\/wp\/v2\/types\/page"}],"author":[{"embeddable":true,"href":"https:\/\/ebdalafaq.com\/fr\/wp-json\/wp\/v2\/users\/1"}],"replies":[{"embeddable":true,"href":"https:\/\/ebdalafaq.com\/fr\/wp-json\/wp\/v2\/comments?post=2450"}],"version-history":[{"count":4,"href":"https:\/\/ebdalafaq.com\/fr\/wp-json\/wp\/v2\/pages\/2450\/revisions"}],"predecessor-version":[{"id":2503,"href":"https:\/\/ebdalafaq.com\/fr\/wp-json\/wp\/v2\/pages\/2450\/revisions\/2503"}],"up":[{"embeddable":true,"href":"https:\/\/ebdalafaq.com\/fr\/wp-json\/wp\/v2\/pages\/1411"}],"wp:attachment":[{"href":"https:\/\/ebdalafaq.com\/fr\/wp-json\/wp\/v2\/media?parent=2450"}],"curies":[{"name":"wp","href":"https:\/\/api.w.org\/{rel}","templated":true}]}}