{"id":2451,"date":"2022-11-09T13:04:06","date_gmt":"2022-11-09T13:04:06","guid":{"rendered":"https:\/\/ebdalafaq.com\/?page_id=2451"},"modified":"2022-11-09T14:42:12","modified_gmt":"2022-11-09T14:42:12","slug":"pharmacies-management-software","status":"publish","type":"page","link":"https:\/\/ebdalafaq.com\/fr\/our-services\/pharmacies-management-software\/","title":{"rendered":"Logiciel de gestion de pharmacies"},"content":{"rendered":"<p><strong>\u201cAfaky Pharmacy Management Program\u201d is a very easy-designed program that ensures you speed, accuracy in performance and complete ease of use to take into account the nature of the pharmacist&#8217;s work.<\/strong><br \/>\n<strong>Caract\u00e9ristiques du programme :<\/strong><br \/>\n<strong>-Connect more than one device to an internal network or via the Internet, helping you follow your pharmacy from anywhere in the world.<\/strong><br \/>\n<strong>The ability to determine the sales powers of users in addition to the user&#8217;s powers and the existence of a user tracking feature to find out who made this move and when it made it, allowing you to fully control the data.<\/strong><br \/>\n<strong>- Divisez les articles en groupes principaux et sous-groupes pour faciliter l&#039;introduction et la s\u00e9lection de l&#039;article vendu.<\/strong><br \/>\n<strong>Ajoutez des photos des articles et la possibilit\u00e9 de vendre \u00e0 travers ces images.<\/strong><br \/>\n<strong>Ability to work on the program in accordance with the nature of each pharmacy: exchange policy with invoice &#8211; exchange policy after invoice.<\/strong><br \/>\n<strong>&#8220;The Afaky Pharmacy Management program&#8221; is directly linked to \u201cthe Afaky program\u201d for general accounts, warehouses, purchases, suppliers, sales and customers.<\/strong><br \/>\n<strong>The possibility of adding and recalling the item by International barcode or the pharmacy barcode with the barcode scanner or manually.<\/strong><br \/>\n<strong>The possibility of adding more than one unit to the item such as (strip- tablet-pack) and connecting them to each other.<\/strong><br \/>\n<strong>La possibilit\u00e9 d&#039;imprimer la facture POS du client (sur l&#039;imprimante de caisse thermique) avec tous les d\u00e9tails, avec la possibilit\u00e9 de d\u00e9finir des termes ou des notes et d&#039;imprimer le re\u00e7u du client sans prix.<\/strong><br \/>\n<strong>The possibility of determining the type of cash or future invoice and dividing it in payments so that the date of maturity of the sales and purchases invoice is recorded .and thus we can obtain a report showing the payments due within a specified period and the age of the debts.<\/strong><br \/>\n<strong>La possibilit\u00e9 de faire une remise sur la facture pour chaque article s\u00e9par\u00e9ment et la possibilit\u00e9 de faire une remise sur la facture dans son ensemble.<\/strong><br \/>\n<strong>-The possibility of running or stopping the sale at less than cost.<\/strong><br \/>\n<strong>La possibilit\u00e9 de fixer un prix de vente minimum.<\/strong><br \/>\n<strong>La possibilit\u00e9 de cinq politiques de prix par article.<\/strong><br \/>\n<strong>-Prise en charge du produit retourn\u00e9 \u00e0 partir de la facture de vente.<\/strong><br \/>\n<strong>-Possibilit\u00e9 d&#039;activer ou d&#039;arr\u00eater le d\u00e9couvert (sortie n\u00e9gative).<\/strong><br \/>\n<strong>-Possibilit\u00e9 d&#039;inventaire pour un quart de travail de caissier (fermeture quotidienne).<\/strong><br \/>\n<strong>-Contr\u00f4le complet de l&#039;inventaire et quantification de l&#039;inventaire et des transactions d&#039;articles.<\/strong><br \/>\n<strong>the possibility of presenting a daily report of missing medicines in the pharmacy.<\/strong><br \/>\n<strong>-The possibility of presenting a report of the best-selling and most lucrative items which helps the pharmacist to make the right decision to increase the profit of the pharmacy.<\/strong><br \/>\n<strong>-\u201cThe Afaky Pharmacy Management program\u201d contains a large number of comprehensive and detailed reports both for warehouses, item transactions, balancing, sales, purchases, customers and suppliers.<\/strong><br \/>\n<strong>-Le programme peut fonctionner sur tous les \u00e9crans tactiles et avec la vitesse et la pr\u00e9cision n\u00e9cessaires pour en tirer le meilleur parti.<\/strong><\/p>","protected":false},"excerpt":{"rendered":"<p>\u201cAfaky Pharmacy Management Program\u201d is a very easy-designed program that ensures you speed, accuracy in performance and complete ease of use to take into account&#8230;<\/p>","protected":false},"author":1,"featured_media":0,"parent":1411,"menu_order":0,"comment_status":"closed","ping_status":"closed","template":"","meta":{"footnotes":""},"class_list":["post-2451","page","type-page","status-publish","hentry"],"_links":{"self":[{"href":"https:\/\/ebdalafaq.com\/fr\/wp-json\/wp\/v2\/pages\/2451","targetHints":{"allow":["GET"]}}],"collection":[{"href":"https:\/\/ebdalafaq.com\/fr\/wp-json\/wp\/v2\/pages"}],"about":[{"href":"https:\/\/ebdalafaq.com\/fr\/wp-json\/wp\/v2\/types\/page"}],"author":[{"embeddable":true,"href":"https:\/\/ebdalafaq.com\/fr\/wp-json\/wp\/v2\/users\/1"}],"replies":[{"embeddable":true,"href":"https:\/\/ebdalafaq.com\/fr\/wp-json\/wp\/v2\/comments?post=2451"}],"version-history":[{"count":5,"href":"https:\/\/ebdalafaq.com\/fr\/wp-json\/wp\/v2\/pages\/2451\/revisions"}],"predecessor-version":[{"id":2505,"href":"https:\/\/ebdalafaq.com\/fr\/wp-json\/wp\/v2\/pages\/2451\/revisions\/2505"}],"up":[{"embeddable":true,"href":"https:\/\/ebdalafaq.com\/fr\/wp-json\/wp\/v2\/pages\/1411"}],"wp:attachment":[{"href":"https:\/\/ebdalafaq.com\/fr\/wp-json\/wp\/v2\/media?parent=2451"}],"curies":[{"name":"wp","href":"https:\/\/api.w.org\/{rel}","templated":true}]}}