{"id":2465,"date":"2022-11-09T13:04:42","date_gmt":"2022-11-09T13:04:42","guid":{"rendered":"https:\/\/ebdalafaq.com\/?page_id=2465"},"modified":"2022-11-09T14:44:22","modified_gmt":"2022-11-09T14:44:22","slug":"attendance-management-software","status":"publish","type":"page","link":"https:\/\/ebdalafaq.com\/fr\/our-services\/attendance-management-software\/","title":{"rendered":"Logiciel de gestion des pr\u00e9sences"},"content":{"rendered":"<p><strong>&#8220;<\/strong><strong>Le syst\u00e8me de gestion des ressources humaines Afaky \u00ab vous facilite la gestion du syst\u00e8me de pr\u00e9sence et de d\u00e9part et vous fait gagner beaucoup de temps et d&#039;efforts en :<br \/>\n<\/strong><strong>Grande flexibilit\u00e9 dans la planification des heures de travail \u00e0 tous les niveaux de la structure de carri\u00e8re de l&#039;entreprise de mani\u00e8re tr\u00e8s simple, vous permettant de planifier les pr\u00e9sences, les d\u00e9parts, les pauses, les heures de travail suppl\u00e9mentaires et les week-ends.<br \/>\n<\/strong><strong>La flexibilit\u00e9 maximale est la possibilit\u00e9 d&#039;attribuer plus d&#039;un quart de travail au personnel au niveau de la succursale, de la direction ou de la journ\u00e9e \u00e0 condition que le quart de travail ne se chevauche pas (par exemple, vous pouvez attribuer un quart de travail \u00e0 l&#039;employ\u00e9 Mohammed Rosary de 8h00 \u00e0 4 :00 h et un autre quart de travail au m\u00eame employ\u00e9 de 17 h 00 \u00e0 23 h 00. Vous pouvez effectuer le premier quart de travail certains jours de la semaine et le deuxi\u00e8me quart de travail les autres jours de la semaine.)<br \/>\n<\/strong><strong>La flexibilit\u00e9 maximale est \u00e9galement la possibilit\u00e9 d&#039;un quart de travail de deux jours (par exemple, un employ\u00e9 travaillant de 20h00 \u00e0 8h00 peut travailler un quart de travail - notez que le quart de travail est en partie un jour et en partie un autre).<br \/>\n<\/strong><strong>La flexibilit\u00e9 maximale est \u00e9galement que le programme traite les donn\u00e9es de pr\u00e9sence et de d\u00e9part en fonction des param\u00e8tres de quart de travail de l&#039;employ\u00e9 (si l&#039;employ\u00e9 fait l&#039;empreinte digitale d&#039;entr\u00e9e plus d&#039;une fois, le programme n&#039;enregistre que la premi\u00e8re empreinte digitale, si l&#039;employ\u00e9 fait l&#039;empreinte digitale de sortie plus d&#039;une fois, le programme enregistre la derni\u00e8re empreinte digitale en fonction des param\u00e8tres de quart de travail attribu\u00e9s \u00e0 l&#039;employ\u00e9.<br \/>\n<\/strong><strong>La fixation des horaires de travail des managers est diff\u00e9rente des autres horaires de travail.<br \/>\n<\/strong><strong>-Enregistrement manuel des pr\u00e9sences et des d\u00e9parts des employ\u00e9s en ajoutant un enregistrement manuel ou automatique en se connectant avec le dispositif d&#039;empreintes digitales.<br \/>\n<\/strong><strong>V\u00e9rifier la pr\u00e9sence et les donn\u00e9es des employ\u00e9s pour corriger les erreurs de saisie.<br \/>\n<\/strong><strong>Lier les horaires de travail des employ\u00e9s en g\u00e9n\u00e9ral aux succursales et aux d\u00e9partements ou en particulier au niveau de l&#039;employ\u00e9.<br \/>\n<\/strong><strong>-D\u00e9termination des cong\u00e9s annuels ou d&#039;urgence.<br \/>\n<\/strong><strong>Limiter les p\u00e9riodes de gr\u00e2ce apr\u00e8s la pr\u00e9sence et avant le d\u00e9part.<\/strong><strong>&#8211;<br \/>\n<\/strong><strong>Calcul des pr\u00e9sences et des d\u00e9parts, et transfert des r\u00e9sultats vers le logiciel de paie afin d&#039;affecter directement la comptabilisation des salaires.<br \/>\n<\/strong><strong>D\u00e9terminer le solde de cong\u00e9s du salari\u00e9 avec possibilit\u00e9 de le modifier et possibilit\u00e9 de faire un cong\u00e9 sans traitement.<br \/>\n<\/strong><strong>D\u00e9terminer le nombre de jours du mois calcul\u00e9 en fonction du salaire pour convenir \u00e0 toutes les entreprises.<br \/>\n<\/strong><strong>effectuer plus d&#039;un quart de travail pour l&#039;entreprise selon la nature du travail.<br \/>\n<\/strong><strong>Diverses politiques d&#039;entr\u00e9e anticip\u00e9e, de sortie anticip\u00e9e et de sortie tardive, d&#039;empreintes digitales sans entr\u00e9e et sans empreinte digitale de sortie.<br \/>\n<\/strong><strong>Enregistrement des autorisations de sortie et d\u00e9termination de l&#039;heure de sortie et de l&#039;heure de retour.<\/strong><strong>\u00a0<\/strong><\/p>","protected":false},"excerpt":{"rendered":"<p>&#8220;The Afaky HR Management system &#8220;makes it easier for you to manage the attendance and\u00a0 departure system and saves you a lot of time and&#8230;<\/p>","protected":false},"author":1,"featured_media":0,"parent":1411,"menu_order":0,"comment_status":"closed","ping_status":"closed","template":"","meta":{"footnotes":""},"class_list":["post-2465","page","type-page","status-publish","hentry"],"_links":{"self":[{"href":"https:\/\/ebdalafaq.com\/fr\/wp-json\/wp\/v2\/pages\/2465","targetHints":{"allow":["GET"]}}],"collection":[{"href":"https:\/\/ebdalafaq.com\/fr\/wp-json\/wp\/v2\/pages"}],"about":[{"href":"https:\/\/ebdalafaq.com\/fr\/wp-json\/wp\/v2\/types\/page"}],"author":[{"embeddable":true,"href":"https:\/\/ebdalafaq.com\/fr\/wp-json\/wp\/v2\/users\/1"}],"replies":[{"embeddable":true,"href":"https:\/\/ebdalafaq.com\/fr\/wp-json\/wp\/v2\/comments?post=2465"}],"version-history":[{"count":4,"href":"https:\/\/ebdalafaq.com\/fr\/wp-json\/wp\/v2\/pages\/2465\/revisions"}],"predecessor-version":[{"id":2513,"href":"https:\/\/ebdalafaq.com\/fr\/wp-json\/wp\/v2\/pages\/2465\/revisions\/2513"}],"up":[{"embeddable":true,"href":"https:\/\/ebdalafaq.com\/fr\/wp-json\/wp\/v2\/pages\/1411"}],"wp:attachment":[{"href":"https:\/\/ebdalafaq.com\/fr\/wp-json\/wp\/v2\/media?parent=2465"}],"curies":[{"name":"wp","href":"https:\/\/api.w.org\/{rel}","templated":true}]}}