{"id":2466,"date":"2022-11-09T13:04:48","date_gmt":"2022-11-09T13:04:48","guid":{"rendered":"https:\/\/ebdalafaq.com\/?page_id=2466"},"modified":"2022-11-09T14:44:41","modified_gmt":"2022-11-09T14:44:41","slug":"salary-and-wages-software","status":"publish","type":"page","link":"https:\/\/ebdalafaq.com\/fr\/our-services\/salary-and-wages-software\/","title":{"rendered":"Logiciel de gestion des salaires et traitements"},"content":{"rendered":"<p><strong>The Afaky HR Management software makes it easier for you to manage the attendance and departure program and saves you a lot of time and effort by:<br \/>\n<\/strong>-Une fois qu&#039;un employ\u00e9 est ajout\u00e9, le programme lui cr\u00e9e automatiquement un &quot;compte Ostaz&quot; dans le manuel des comptes.<br \/>\n-D\u00e9terminer le salaire de base, les indemnit\u00e9s et les heures de travail de chaque employ\u00e9.<br \/>\nSaisie comptable des salaires facilement et en un clic.<br \/>\nFaire en sorte que les primes et malus affectent directement la comptabilisation des salaires.<br \/>\nL&#039;absent\u00e9isme, les retards et les heures de travail suppl\u00e9mentaires affectent directement la comptabilisation des salaires des employ\u00e9s.<br \/>\nAdditionnez et r\u00e9partissez les avances des salari\u00e9s sur plusieurs mois afin que chaque tranche des avances allou\u00e9es par mois soit automatiquement d\u00e9duite et impacte directement la comptabilisation des salaires.<br \/>\nFaire des cautions salariales pour chaque employ\u00e9.<br \/>\nCr\u00e9ez un compte d&#039;avances et d&#039;autres covenants pour chaque employ\u00e9 dans le manuel des comptes.<\/p>","protected":false},"excerpt":{"rendered":"<p>The Afaky HR Management software makes it easier for you to manage the attendance and departure program and saves you a lot of time and&#8230;<\/p>","protected":false},"author":1,"featured_media":0,"parent":1411,"menu_order":0,"comment_status":"closed","ping_status":"closed","template":"","meta":{"footnotes":""},"class_list":["post-2466","page","type-page","status-publish","hentry"],"_links":{"self":[{"href":"https:\/\/ebdalafaq.com\/fr\/wp-json\/wp\/v2\/pages\/2466","targetHints":{"allow":["GET"]}}],"collection":[{"href":"https:\/\/ebdalafaq.com\/fr\/wp-json\/wp\/v2\/pages"}],"about":[{"href":"https:\/\/ebdalafaq.com\/fr\/wp-json\/wp\/v2\/types\/page"}],"author":[{"embeddable":true,"href":"https:\/\/ebdalafaq.com\/fr\/wp-json\/wp\/v2\/users\/1"}],"replies":[{"embeddable":true,"href":"https:\/\/ebdalafaq.com\/fr\/wp-json\/wp\/v2\/comments?post=2466"}],"version-history":[{"count":4,"href":"https:\/\/ebdalafaq.com\/fr\/wp-json\/wp\/v2\/pages\/2466\/revisions"}],"predecessor-version":[{"id":2515,"href":"https:\/\/ebdalafaq.com\/fr\/wp-json\/wp\/v2\/pages\/2466\/revisions\/2515"}],"up":[{"embeddable":true,"href":"https:\/\/ebdalafaq.com\/fr\/wp-json\/wp\/v2\/pages\/1411"}],"wp:attachment":[{"href":"https:\/\/ebdalafaq.com\/fr\/wp-json\/wp\/v2\/media?parent=2466"}],"curies":[{"name":"wp","href":"https:\/\/api.w.org\/{rel}","templated":true}]}}