{"id":3417,"date":"2024-09-18T14:46:10","date_gmt":"2024-09-18T12:46:10","guid":{"rendered":"https:\/\/ebdalafaq.com\/?page_id=3417"},"modified":"2024-09-18T14:46:10","modified_gmt":"2024-09-18T12:46:10","slug":"quotation","status":"publish","type":"page","link":"https:\/\/ebdalafaq.com\/fr\/quotation\/","title":{"rendered":"Devis"},"content":{"rendered":"<div class=\"wpforms-container wpforms-container-full\" id=\"wpforms-1656\"><form id=\"wpforms-form-1656\" class=\"wpforms-validate wpforms-form wpforms-ajax-form\" data-formid=\"1656\" method=\"post\" enctype=\"multipart\/form-data\" action=\"\/fr\/wp-json\/wp\/v2\/pages\/3417\" data-token=\"c3042e086fd45792830d493b52606a52\" data-trp-original-action=\"\/fr\/wp-json\/wp\/v2\/pages\/3417\"><noscript class=\"wpforms-error-noscript\">Veuillez activer JavaScript dans votre navigateur pour remplir ce formulaire.<\/noscript><div class=\"wpforms-field-container\"><div id=\"wpforms-1656-field_21-container\" class=\"wpforms-field wpforms-field-html\" data-field-id=\"21\"><div id=\"wpforms-1656-field_21\"><!-- a class=\"btn btn-primary\" href=\"https:\/\/ebdalafaq.com\/\" role=\"button\">Go To HomePage<\/a -->\r\n<!-- Event snippet for \u0639\u0631\u0636 \u0633\u0639\u0631 ebdalafaq.com (1) conversion page -->\r\n<script>\r\n  gtag('event', 'conversion', {\r\n      'send_to': 'AW-958443389\/Qw3QCKST99IZEP3egskD',\r\n      'value': 1.0,\r\n      'currency': 'EGP'\r\n  });\r\n<\/script>\r\n<\/div><\/div><div id=\"wpforms-1656-field_1-container\" class=\"wpforms-field wpforms-field-radio\" data-field-id=\"1\"><label class=\"wpforms-field-label\" for=\"wpforms-1656-field_1\">Type de demande <span class=\"wpforms-required-label\">*<\/span><\/label><ul id=\"wpforms-1656-field_1\" class=\"wpforms-field-required\"><li class=\"choice-1 depth-1 wpforms-selected\"><input type=\"radio\" id=\"wpforms-1656-field_1_1\" name=\"wpforms[fields][1]\" value=\"Price offer\" required checked='checked'><label class=\"wpforms-field-label-inline\" for=\"wpforms-1656-field_1_1\">Offre de prix<\/label><\/li><li class=\"choice-2 depth-1\"><input type=\"radio\" id=\"wpforms-1656-field_1_2\" name=\"wpforms[fields][1]\" value=\"Distributer registration\" required><label class=\"wpforms-field-label-inline\" for=\"wpforms-1656-field_1_2\">Enregistrement du distributeur<\/label><\/li><\/ul><\/div><div id=\"wpforms-1656-field_2-container\" class=\"wpforms-field wpforms-field-text\" data-field-id=\"2\"><label class=\"wpforms-field-label\" for=\"wpforms-1656-field_2\">compagnie <span class=\"wpforms-required-label\">*<\/span><\/label><input type=\"text\" id=\"wpforms-1656-field_2\" class=\"wpforms-field-medium wpforms-field-required\" name=\"wpforms[fields][2]\" required><\/div><div id=\"wpforms-1656-field_6-container\" class=\"wpforms-field wpforms-field-text\" data-field-id=\"6\"><label class=\"wpforms-field-label\" for=\"wpforms-1656-field_6\">adresse <span class=\"wpforms-required-label\">*<\/span><\/label><input type=\"text\" id=\"wpforms-1656-field_6\" class=\"wpforms-field-medium wpforms-field-required\" name=\"wpforms[fields][6]\" required><\/div><div id=\"wpforms-1656-field_9-container\" class=\"wpforms-field wpforms-field-divider\" data-field-id=\"9\"><h3 id=\"wpforms-1656-field_9\" name=\"wpforms[fields][9]\">Donn\u00e9es de l&#039;administrateur<\/h3><\/div><div id=\"wpforms-1656-field_10-container\" class=\"wpforms-field wpforms-field-text\" data-field-id=\"10\"><label class=\"wpforms-field-label\" for=\"wpforms-1656-field_10\">Nom : <span class=\"wpforms-required-label\">*<\/span><\/label><input type=\"text\" id=\"wpforms-1656-field_10\" class=\"wpforms-field-medium wpforms-field-required\" name=\"wpforms[fields][10]\" required><\/div><div id=\"wpforms-1656-field_13-container\" class=\"wpforms-field wpforms-field-phone\" data-field-id=\"13\"><label class=\"wpforms-field-label\" for=\"wpforms-1656-field_13\">Mobile <span class=\"wpforms-required-label\">*<\/span><\/label><input type=\"tel\" id=\"wpforms-1656-field_13\" class=\"wpforms-field-medium wpforms-field-required wpforms-smart-phone-field\" data-rule-smart-phone-field=\"true\" name=\"wpforms[fields][13]\" required><\/div><div id=\"wpforms-1656-field_14-container\" class=\"wpforms-field wpforms-field-divider\" data-field-id=\"14\"><h3 id=\"wpforms-1656-field_14\" name=\"wpforms[fields][14]\">programmes<\/h3><\/div><div id=\"wpforms-1656-field_15-container\" class=\"wpforms-field wpforms-field-checkbox\" data-field-id=\"15\"><label class=\"wpforms-field-label\" for=\"wpforms-1656-field_15\">Choisissez le programme souhait\u00e9<\/label><ul id=\"wpforms-1656-field_15\"><li class=\"choice-1 depth-1 wpforms-selected\"><input type=\"checkbox\" id=\"wpforms-1656-field_15_1\" name=\"wpforms[fields][15][]\" value=\"Financial Accounting system\"   checked='checked'><label class=\"wpforms-field-label-inline\" for=\"wpforms-1656-field_15_1\">Syst\u00e8me de comptabilit\u00e9 financi\u00e8re<\/label><\/li><li class=\"choice-2 depth-1\"><input type=\"checkbox\" id=\"wpforms-1656-field_15_2\" name=\"wpforms[fields][15][]\" value=\"Procurement &amp; Inventory control\"  ><label class=\"wpforms-field-label-inline\" for=\"wpforms-1656-field_15_2\">Approvisionnement et contr\u00f4le des stocks<\/label><\/li><li class=\"choice-3 depth-1\"><input type=\"checkbox\" id=\"wpforms-1656-field_15_3\" name=\"wpforms[fields][15][]\" value=\"Fixed Asset Management system\"  ><label class=\"wpforms-field-label-inline\" for=\"wpforms-1656-field_15_3\">Syst\u00e8me de gestion des immobilisations<\/label><\/li><li class=\"choice-4 depth-1\"><input type=\"checkbox\" id=\"wpforms-1656-field_15_4\" name=\"wpforms[fields][15][]\" value=\"Gas station management system\"  ><label class=\"wpforms-field-label-inline\" for=\"wpforms-1656-field_15_4\">Syst\u00e8me de gestion de station-service<\/label><\/li><li class=\"choice-5 depth-1\"><input type=\"checkbox\" id=\"wpforms-1656-field_15_5\" name=\"wpforms[fields][15][]\" value=\"Point of sale management system\"  ><label class=\"wpforms-field-label-inline\" for=\"wpforms-1656-field_15_5\">Syst\u00e8me de gestion de point de vente<\/label><\/li><li class=\"choice-6 depth-1\"><input type=\"checkbox\" id=\"wpforms-1656-field_15_6\" name=\"wpforms[fields][15][]\" value=\"Human Resource Management\"  ><label class=\"wpforms-field-label-inline\" for=\"wpforms-1656-field_15_6\">Gestion des ressources humaines<\/label><\/li><li class=\"choice-8 depth-1\"><input type=\"checkbox\" id=\"wpforms-1656-field_15_8\" name=\"wpforms[fields][15][]\" value=\"Car rental management system\"  ><label class=\"wpforms-field-label-inline\" for=\"wpforms-1656-field_15_8\">Syst\u00e8me de gestion de location de voitures<\/label><\/li><li class=\"choice-9 depth-1\"><input type=\"checkbox\" id=\"wpforms-1656-field_15_9\" name=\"wpforms[fields][15][]\" value=\"Restaurant management system\"  ><label class=\"wpforms-field-label-inline\" for=\"wpforms-1656-field_15_9\">Syst\u00e8me de gestion de restaurant<\/label><\/li><li class=\"choice-10 depth-1\"><input type=\"checkbox\" id=\"wpforms-1656-field_15_10\" name=\"wpforms[fields][15][]\" value=\"Sales Management\"  ><label class=\"wpforms-field-label-inline\" for=\"wpforms-1656-field_15_10\">Gestion des ventes<\/label><\/li><li class=\"choice-11 depth-1\"><input type=\"checkbox\" id=\"wpforms-1656-field_15_11\" name=\"wpforms[fields][15][]\" value=\"Customer Relationship Management System\"  ><label class=\"wpforms-field-label-inline\" for=\"wpforms-1656-field_15_11\">Syst\u00e8me de gestion de la relation client<\/label><\/li><li class=\"choice-12 depth-1\"><input type=\"checkbox\" id=\"wpforms-1656-field_15_12\" name=\"wpforms[fields][15][]\" value=\"Manufacturing Management\"  ><label class=\"wpforms-field-label-inline\" for=\"wpforms-1656-field_15_12\">Gestion de la fabrication<\/label><\/li><li class=\"choice-13 depth-1\"><input type=\"checkbox\" id=\"wpforms-1656-field_15_13\" name=\"wpforms[fields][15][]\" value=\"Stadium management system\"  ><label class=\"wpforms-field-label-inline\" for=\"wpforms-1656-field_15_13\">Syst\u00e8me de gestion de stade<\/label><\/li><li class=\"choice-14 depth-1\"><input type=\"checkbox\" id=\"wpforms-1656-field_15_14\" name=\"wpforms[fields][15][]\" value=\"Service management system\"  ><label class=\"wpforms-field-label-inline\" for=\"wpforms-1656-field_15_14\">Syst\u00e8me de gestion des services<\/label><\/li><li class=\"choice-15 depth-1\"><input type=\"checkbox\" id=\"wpforms-1656-field_15_15\" name=\"wpforms[fields][15][]\" value=\"Maintenance process management system\"  ><label class=\"wpforms-field-label-inline\" for=\"wpforms-1656-field_15_15\">Syst\u00e8me de gestion des processus de maintenance<\/label><\/li><li class=\"choice-16 depth-1\"><input type=\"checkbox\" id=\"wpforms-1656-field_15_16\" name=\"wpforms[fields][15][]\" value=\"Brokerage process management system\"  ><label class=\"wpforms-field-label-inline\" for=\"wpforms-1656-field_15_16\">Syst\u00e8me de gestion des processus de courtage<\/label><\/li><li class=\"choice-17 depth-1\"><input type=\"checkbox\" id=\"wpforms-1656-field_15_17\" name=\"wpforms[fields][15][]\" value=\"Tax Invoice Management System\"  ><label class=\"wpforms-field-label-inline\" for=\"wpforms-1656-field_15_17\">Syst\u00e8me de gestion des factures fiscales<\/label><\/li><li class=\"choice-18 depth-1\"><input type=\"checkbox\" id=\"wpforms-1656-field_15_18\" name=\"wpforms[fields][15][]\" value=\"Electronic drug tracking management system (rsd)\"  ><label class=\"wpforms-field-label-inline\" for=\"wpforms-1656-field_15_18\">Syst\u00e8me \u00e9lectronique de gestion du suivi des m\u00e9dicaments (rsd)<\/label><\/li><li class=\"choice-19 depth-1\"><input type=\"checkbox\" id=\"wpforms-1656-field_15_19\" name=\"wpforms[fields][15][]\" value=\"Website Develop\"  ><label class=\"wpforms-field-label-inline\" for=\"wpforms-1656-field_15_19\">D\u00e9veloppement de site Web<\/label><\/li><li class=\"choice-20 depth-1\"><input type=\"checkbox\" id=\"wpforms-1656-field_15_20\" name=\"wpforms[fields][15][]\" value=\"Mobile Application Develop\"  ><label class=\"wpforms-field-label-inline\" for=\"wpforms-1656-field_15_20\">D\u00e9veloppement d&#039;applications mobiles<\/label><\/li><\/ul><\/div><div id=\"wpforms-1656-field_16-container\" class=\"wpforms-field wpforms-field-divider\" data-field-id=\"16\"><h3 id=\"wpforms-1656-field_16\" name=\"wpforms[fields][16]\">type de programme<\/h3><\/div><div id=\"wpforms-1656-field_17-container\" class=\"wpforms-field wpforms-field-payment-checkbox\" data-field-id=\"17\"><label class=\"wpforms-field-label wpforms-label-hide\" for=\"wpforms-1656-field_17\">\u00c9l\u00e9ments de case \u00e0 cocher <span class=\"wpforms-required-label\">*<\/span><\/label><ul id=\"wpforms-1656-field_17\" class=\"wpforms-field-required\"><li class=\"choice-1 wpforms-selected\"><input type=\"checkbox\" id=\"wpforms-1656-field_17_1\" class=\"wpforms-payment-price\" data-amount=\"0.00\" name=\"wpforms[fields][17][]\" value=\"1\" required checked='checked'><label class=\"wpforms-field-label-inline\" for=\"wpforms-1656-field_17_1\">en ligne<\/label><\/li><li class=\"choice-2\"><input type=\"checkbox\" id=\"wpforms-1656-field_17_2\" class=\"wpforms-payment-price\" data-amount=\"0.00\" name=\"wpforms[fields][17][]\" value=\"2\" required><label class=\"wpforms-field-label-inline\" for=\"wpforms-1656-field_17_2\">hors ligne<\/label><\/li><\/ul><\/div><div id=\"wpforms-1656-field_18-container\" class=\"wpforms-field wpforms-field-textarea\" data-field-id=\"18\"><label class=\"wpforms-field-label\" for=\"wpforms-1656-field_18\">Remarques<\/label><textarea id=\"wpforms-1656-field_18\" class=\"wpforms-field-medium\" name=\"wpforms[fields][18]\" ><\/textarea><\/div><\/div><div class=\"wpforms-recaptcha-container wpforms-is-recaptcha\"><div class=\"g-recaptcha\" data-sitekey=\"6LcVUk0qAAAAABvGOc-C5o3vFoVs2EBNii79vxxb\"><\/div><input type=\"text\" name=\"g-recaptcha-hidden\" class=\"wpforms-recaptcha-hidden\" style=\"position:absolute!important;clip:rect(0,0,0,0)!important;height:1px!important;width:1px!important;border:0!important;overflow:hidden!important;padding:0!important;margin:0!important;\" required><\/div><div class=\"wpforms-submit-container\"><input type=\"hidden\" name=\"wpforms[id]\" value=\"1656\"><input type=\"hidden\" name=\"wpforms[author]\" value=\"1\"><button type=\"submit\" name=\"wpforms[submit]\" id=\"wpforms-submit-1656\" class=\"wpforms-submit\" data-alt-text=\"Sending...\" data-submit-text=\"Submit\" aria-live=\"assertive\" value=\"wpforms-submit\">Soumettre<\/button><img loading=\"lazy\" decoding=\"async\" src=\"https:\/\/ebdalafaq.com\/wp-content\/plugins\/wpforms\/assets\/images\/submit-spin.svg\" class=\"wpforms-submit-spinner\" style=\"display: none;\" width=\"26\" height=\"26\" alt=\"Chargement en cours\"><\/div><input type=\"hidden\" name=\"trp-form-language\" value=\"fr\"\/><\/form><\/div>  <!-- .wpforms-container -->","protected":false},"excerpt":{"rendered":"","protected":false},"author":1,"featured_media":0,"parent":0,"menu_order":0,"comment_status":"closed","ping_status":"closed","template":"","meta":{"footnotes":""},"class_list":["post-3417","page","type-page","status-publish","hentry"],"_links":{"self":[{"href":"https:\/\/ebdalafaq.com\/fr\/wp-json\/wp\/v2\/pages\/3417","targetHints":{"allow":["GET"]}}],"collection":[{"href":"https:\/\/ebdalafaq.com\/fr\/wp-json\/wp\/v2\/pages"}],"about":[{"href":"https:\/\/ebdalafaq.com\/fr\/wp-json\/wp\/v2\/types\/page"}],"author":[{"embeddable":true,"href":"https:\/\/ebdalafaq.com\/fr\/wp-json\/wp\/v2\/users\/1"}],"replies":[{"embeddable":true,"href":"https:\/\/ebdalafaq.com\/fr\/wp-json\/wp\/v2\/comments?post=3417"}],"version-history":[{"count":1,"href":"https:\/\/ebdalafaq.com\/fr\/wp-json\/wp\/v2\/pages\/3417\/revisions"}],"predecessor-version":[{"id":3418,"href":"https:\/\/ebdalafaq.com\/fr\/wp-json\/wp\/v2\/pages\/3417\/revisions\/3418"}],"wp:attachment":[{"href":"https:\/\/ebdalafaq.com\/fr\/wp-json\/wp\/v2\/media?parent=3417"}],"curies":[{"name":"wp","href":"https:\/\/api.w.org\/{rel}","templated":true}]}}